{"id":33,"date":"2022-12-23T13:44:18","date_gmt":"2022-12-23T12:44:18","guid":{"rendered":"https:\/\/infinite-conseil.com\/?page_id=33"},"modified":"2023-02-19T15:04:56","modified_gmt":"2023-02-19T14:04:56","slug":"infinite-training","status":"publish","type":"page","link":"https:\/\/infinite-conseil.com\/index.php\/infinite-training\/","title":{"rendered":"INFINITE Training"},"content":{"rendered":"\t\t<div data-elementor-type=\"wp-page\" data-elementor-id=\"33\" class=\"elementor elementor-33\">\n\t\t\t\t\t\t<section class=\"elementor-section elementor-top-section elementor-element elementor-element-7280b23 elementor-section-boxed elementor-section-height-default elementor-section-height-default\" data-id=\"7280b23\" data-element_type=\"section\">\n\t\t\t\t\t\t<div class=\"elementor-container elementor-column-gap-default\">\n\t\t\t\t\t<div class=\"elementor-column elementor-col-100 elementor-top-column elementor-element elementor-element-8c2e078\" data-id=\"8c2e078\" data-element_type=\"column\">\n\t\t\t<div class=\"elementor-widget-wrap elementor-element-populated\">\n\t\t\t\t\t\t<section class=\"elementor-section elementor-inner-section elementor-element elementor-element-b682189 elementor-section-content-middle elementor-section-boxed elementor-section-height-default elementor-section-height-default\" data-id=\"b682189\" data-element_type=\"section\">\n\t\t\t\t\t\t<div class=\"elementor-container elementor-column-gap-default\">\n\t\t\t\t\t<div class=\"elementor-column elementor-col-33 elementor-inner-column elementor-element elementor-element-7afcf5e\" data-id=\"7afcf5e\" data-element_type=\"column\">\n\t\t\t<div class=\"elementor-widget-wrap elementor-element-populated\">\n\t\t\t\t\t\t<div class=\"elementor-element elementor-element-d317b25 elementor-widget elementor-widget-text-editor\" data-id=\"d317b25\" data-element_type=\"widget\" data-widget_type=\"text-editor.default\">\n\t\t\t\t<div class=\"elementor-widget-container\">\n\t\t\t<style>\/*! elementor - v3.20.0 - 11-03-2024 *\/\n.elementor-widget-text-editor.elementor-drop-cap-view-stacked .elementor-drop-cap{background-color:#69727d;color:#fff}.elementor-widget-text-editor.elementor-drop-cap-view-framed .elementor-drop-cap{color:#69727d;border:3px solid;background-color:transparent}.elementor-widget-text-editor:not(.elementor-drop-cap-view-default) .elementor-drop-cap{margin-top:8px}.elementor-widget-text-editor:not(.elementor-drop-cap-view-default) .elementor-drop-cap-letter{width:1em;height:1em}.elementor-widget-text-editor .elementor-drop-cap{float:left;text-align:center;line-height:1;font-size:50px}.elementor-widget-text-editor .elementor-drop-cap-letter{display:inline-block}<\/style>\t\t\t\t<p><strong>INFINITE Training<\/strong> intervient aupr\u00e8s d\u2019universit\u00e9s et d\u2019entreprises pour former sur :<br \/>&#8211; les fondamentaux de la communication<br \/>&#8211; les fondamentaux du marketing BtoB<\/p><p><strong>INFINITE<\/strong> anime \u00e9galement des ateliers pour savoir segmenter une offre de produits\/services et les clients pour :<br \/>&#8211; aider les entreprises \u00e0 organiser les donn\u00e9es de leur ERP<br \/>&#8211; avoir des informations fiables et p\u00e9rennes dans le temps<br \/>&#8211; d\u00e9marrer un marketing strat\u00e9gique efficace qui permettra au dirigeant de prendre les bonnes d\u00e9cisions<\/p><p>Ces interventions courtes (une journ\u00e9e ou plus) permettent de structurer les bases d\u2019une entreprise qui se d\u00e9veloppe et d\u2019aider son personnel \u00e0 progresser significativement sur des missions de communication et marketing.<\/p><p>Elles s\u2019adressent aux TPE et PME d\u00e9pourvues de service marketing et communication qui souhaitent internaliser ces comp\u00e9tences.<\/p>\t\t\t\t\t\t<\/div>\n\t\t\t\t<\/div>\n\t\t\t\t\t<\/div>\n\t\t<\/div>\n\t\t\t\t<div class=\"elementor-column elementor-col-33 elementor-inner-column elementor-element elementor-element-a46ca6e\" data-id=\"a46ca6e\" data-element_type=\"column\">\n\t\t\t<div class=\"elementor-widget-wrap\">\n\t\t\t\t\t\t\t<\/div>\n\t\t<\/div>\n\t\t\t\t<div class=\"elementor-column elementor-col-33 elementor-inner-column elementor-element elementor-element-a9ef30a\" data-id=\"a9ef30a\" data-element_type=\"column\" data-settings=\"{&quot;background_background&quot;:&quot;slideshow&quot;,&quot;background_slideshow_gallery&quot;:[{&quot;id&quot;:1873,&quot;url&quot;:&quot;https:\\\/\\\/infinite-conseil.com\\\/wp-content\\\/uploads\\\/2023\\\/02\\\/DG-7077-Modifier.jpg&quot;}],&quot;background_slideshow_loop&quot;:&quot;yes&quot;,&quot;background_slideshow_slide_duration&quot;:5000,&quot;background_slideshow_slide_transition&quot;:&quot;fade&quot;,&quot;background_slideshow_transition_duration&quot;:500}\">\n\t\t\t<div class=\"elementor-widget-wrap elementor-element-populated\">\n\t\t\t\t\t\t<div class=\"elementor-element elementor-element-29a2e76 elementor-widget elementor-widget-spacer\" data-id=\"29a2e76\" data-element_type=\"widget\" data-widget_type=\"spacer.default\">\n\t\t\t\t<div class=\"elementor-widget-container\">\n\t\t\t<style>\/*! elementor - v3.20.0 - 11-03-2024 *\/\n.elementor-column .elementor-spacer-inner{height:var(--spacer-size)}.e-con{--container-widget-width:100%}.e-con-inner>.elementor-widget-spacer,.e-con>.elementor-widget-spacer{width:var(--container-widget-width,var(--spacer-size));--align-self:var(--container-widget-align-self,initial);--flex-shrink:0}.e-con-inner>.elementor-widget-spacer>.elementor-widget-container,.e-con>.elementor-widget-spacer>.elementor-widget-container{height:100%;width:100%}.e-con-inner>.elementor-widget-spacer>.elementor-widget-container>.elementor-spacer,.e-con>.elementor-widget-spacer>.elementor-widget-container>.elementor-spacer{height:100%}.e-con-inner>.elementor-widget-spacer>.elementor-widget-container>.elementor-spacer>.elementor-spacer-inner,.e-con>.elementor-widget-spacer>.elementor-widget-container>.elementor-spacer>.elementor-spacer-inner{height:var(--container-widget-height,var(--spacer-size))}.e-con-inner>.elementor-widget-spacer.elementor-widget-empty,.e-con>.elementor-widget-spacer.elementor-widget-empty{position:relative;min-height:22px;min-width:22px}.e-con-inner>.elementor-widget-spacer.elementor-widget-empty .elementor-widget-empty-icon,.e-con>.elementor-widget-spacer.elementor-widget-empty .elementor-widget-empty-icon{position:absolute;top:0;bottom:0;left:0;right:0;margin:auto;padding:0;width:22px;height:22px}<\/style>\t\t<div class=\"elementor-spacer\">\n\t\t\t<div class=\"elementor-spacer-inner\"><\/div>\n\t\t<\/div>\n\t\t\t\t<\/div>\n\t\t\t\t<\/div>\n\t\t\t\t\t<\/div>\n\t\t<\/div>\n\t\t\t\t\t<\/div>\n\t\t<\/section>\n\t\t\t\t\t<\/div>\n\t\t<\/div>\n\t\t\t\t\t<\/div>\n\t\t<\/section>\n\t\t\t\t<section class=\"elementor-section elementor-top-section elementor-element elementor-element-2e965a9 elementor-section-boxed elementor-section-height-default elementor-section-height-default\" data-id=\"2e965a9\" data-element_type=\"section\">\n\t\t\t\t\t\t<div class=\"elementor-container elementor-column-gap-default\">\n\t\t\t\t\t<div class=\"elementor-column elementor-col-100 elementor-top-column elementor-element elementor-element-8b67c28\" data-id=\"8b67c28\" data-element_type=\"column\">\n\t\t\t<div class=\"elementor-widget-wrap elementor-element-populated\">\n\t\t\t\t\t\t<div class=\"elementor-element elementor-element-e65176a elementor-widget elementor-widget-heading\" data-id=\"e65176a\" data-element_type=\"widget\" data-widget_type=\"heading.default\">\n\t\t\t\t<div class=\"elementor-widget-container\">\n\t\t\t<style>\/*! elementor - v3.20.0 - 11-03-2024 *\/\n.elementor-heading-title{padding:0;margin:0;line-height:1}.elementor-widget-heading .elementor-heading-title[class*=elementor-size-]>a{color:inherit;font-size:inherit;line-height:inherit}.elementor-widget-heading .elementor-heading-title.elementor-size-small{font-size:15px}.elementor-widget-heading .elementor-heading-title.elementor-size-medium{font-size:19px}.elementor-widget-heading .elementor-heading-title.elementor-size-large{font-size:29px}.elementor-widget-heading .elementor-heading-title.elementor-size-xl{font-size:39px}.elementor-widget-heading .elementor-heading-title.elementor-size-xxl{font-size:59px}<\/style><h2 class=\"elementor-heading-title elementor-size-default\">T\u00e9moignages<\/h2>\t\t<\/div>\n\t\t\t\t<\/div>\n\t\t\t\t<section class=\"elementor-section elementor-inner-section elementor-element elementor-element-f3c253b elementor-section-content-middle elementor-reverse-mobile elementor-section-boxed elementor-section-height-default elementor-section-height-default\" data-id=\"f3c253b\" data-element_type=\"section\">\n\t\t\t\t\t\t<div class=\"elementor-container elementor-column-gap-default\">\n\t\t\t\t\t<div class=\"elementor-column elementor-col-100 elementor-inner-column elementor-element elementor-element-00e2134\" data-id=\"00e2134\" data-element_type=\"column\" data-settings=\"{&quot;background_background&quot;:&quot;classic&quot;}\">\n\t\t\t<div class=\"elementor-widget-wrap elementor-element-populated\">\n\t\t\t\t\t\t<div class=\"elementor-element elementor-element-1c46496 elementor-widget elementor-widget-shortcode\" data-id=\"1c46496\" data-element_type=\"widget\" data-widget_type=\"shortcode.default\">\n\t\t\t\t<div class=\"elementor-widget-container\">\n\t\t\t\t\t<div class=\"elementor-shortcode\"><div class=\"strong-view strong-view-id-2 simple wpmtst-simple slider-container slider-mode-horizontal controls-type-sides controls-style-buttons\" data-count=6 data-slider-var=strong_slider_id_2 data-state=idle><div class=\"strong-content wpmslider-content\"><div class=\"wpmtst-testimonial testimonial t-slide post-1697\"><div class=\"wpmtst-testimonial-inner testimonial-inner\"><div data-infinite-loop=\"false\"  class=\"wpmtst-testimonial-content testimonial-content\"><div class=\"maybe-clear\"><\/div><p><em>\u00ab\u00a0C&rsquo;\u00e9tait mon premier cours directement d\u00e9dier au BtoB et j&rsquo;ai vraiment aim\u00e9 la facilit\u00e9 de nous transmettre le message.\u00a0\u00bb<\/em><\/p><\/div><div class=\"clear\"><\/div><\/div><\/div><div class=\"wpmtst-testimonial testimonial t-slide post-1698\"><div class=\"wpmtst-testimonial-inner testimonial-inner\"><div data-infinite-loop=\"false\"  class=\"wpmtst-testimonial-content testimonial-content\"><div class=\"maybe-clear\"><\/div><p><em>\u00ab\u00a0Ce cours \u00e9tait tr\u00e8s bien men\u00e9 : j&rsquo;ai beaucoup appris et je venais avec plaisir au cours de cette mati\u00e8re, m\u00eame si elle a \u00e9t\u00e9 enseign\u00e9e de mani\u00e8re intensive sur peu de jours. Merci \u00e0 Mr. Georget pour ses enseignements.\u00a0\u00bb<\/em><\/p><\/div><div class=\"clear\"><\/div><\/div><\/div><div class=\"wpmtst-testimonial testimonial t-slide post-1700\"><div class=\"wpmtst-testimonial-inner testimonial-inner\"><div data-infinite-loop=\"false\"  class=\"wpmtst-testimonial-content testimonial-content\"><div class=\"maybe-clear\"><\/div><p><em>\u00ab\u00a0Il n&rsquo;y avait pas de travail \u00e0 faire en dehors des heures de cours. Le professeur \u00e9tait pr\u00e9sent pour nous guider et r\u00e9pondre \u00e0 nos questions.\u00a0\u00bb<\/em><\/p><\/div><div class=\"clear\"><\/div><\/div><\/div><div class=\"wpmtst-testimonial testimonial t-slide post-1701\"><div class=\"wpmtst-testimonial-inner testimonial-inner\"><div data-infinite-loop=\"false\"  class=\"wpmtst-testimonial-content testimonial-content\"><div class=\"maybe-clear\"><\/div><p><em>\u00ab\u00a0J&rsquo;ai appr\u00e9ci\u00e9 la p\u00e9dagogie, la bienveillance et l&rsquo;accompagnement de l&rsquo;intervenant. Pour la premi\u00e8re fois en 5 ans, on nous a expliqu\u00e9 de fa\u00e7on concr\u00e8te la notion de segmentation. Merci !\u00a0\u00bb<\/em><\/p><\/div><div class=\"clear\"><\/div><\/div><\/div><div class=\"wpmtst-testimonial testimonial t-slide post-1702\"><div class=\"wpmtst-testimonial-inner testimonial-inner\"><div data-infinite-loop=\"false\"  class=\"wpmtst-testimonial-content testimonial-content\"><div class=\"maybe-clear\"><\/div><p><em>\u00ab\u00a0J&rsquo;ai jamais eu des cours en BtoB, Du coup, j&rsquo;ai beaucoup appris. Le prof est tr\u00e8s professionnel et efficace. Il nous apporte son exp\u00e9rience professionnel ce qui est tr\u00e8s int\u00e9ressant pour nous pr\u00e9parer au monde pro\u00a0\u00bb<\/em><\/p><\/div><div class=\"clear\"><\/div><\/div><\/div><div class=\"wpmtst-testimonial testimonial t-slide post-1703\"><div class=\"wpmtst-testimonial-inner testimonial-inner\"><div data-infinite-loop=\"false\"  class=\"wpmtst-testimonial-content testimonial-content\"><div class=\"maybe-clear\"><\/div><p><em>\u00ab\u00a0Peut-\u00eatre le meilleur cours du semestre, utile et int\u00e9ressant \u00e0 la fois. Faire un cas concret \u00e0 \u00e9t\u00e9 particuli\u00e8rement utile. J&rsquo;ai globalement tout appr\u00e9ci\u00e9\u00a0\u00bb<\/em><\/p><\/div><div class=\"clear\"><\/div><\/div><\/div><\/div><\/div><\/div>\n\t\t\t\t<\/div>\n\t\t\t\t<\/div>\n\t\t\t\t\t<\/div>\n\t\t<\/div>\n\t\t\t\t\t<\/div>\n\t\t<\/section>\n\t\t\t\t\t<\/div>\n\t\t<\/div>\n\t\t\t\t\t<\/div>\n\t\t<\/section>\n\t\t\t\t<\/div>\n\t\t","protected":false},"excerpt":{"rendered":"<p>INFINITE Training intervient aupr\u00e8s d\u2019universit\u00e9s et d\u2019entreprises pour former sur :&#8211; les fondamentaux de la communication&#8211; les fondamentaux du marketing BtoB INFINITE anime \u00e9galement des ateliers pour savoir segmenter une offre de produits\/services et les clients pour :&#8211; aider les entreprises \u00e0 organiser les donn\u00e9es de leur ERP&#8211; avoir des informations fiables et p\u00e9rennes dans&hellip;&nbsp;<a href=\"https:\/\/infinite-conseil.com\/index.php\/infinite-training\/\" class=\"\" rel=\"bookmark\">Lire la suite &raquo;<span class=\"screen-reader-text\">INFINITE Training<\/span><\/a><\/p>\n","protected":false},"author":2,"featured_media":1888,"parent":0,"menu_order":0,"comment_status":"closed","ping_status":"closed","template":"page-templates\/template-pagebuilder-full-width.php","meta":{"_monsterinsights_skip_tracking":false,"_monsterinsights_sitenote_active":false,"_monsterinsights_sitenote_note":"","_monsterinsights_sitenote_category":0,"neve_meta_sidebar":"","neve_meta_container":"","neve_meta_enable_content_width":"","neve_meta_content_width":0,"neve_meta_title_alignment":"","neve_meta_author_avatar":"","neve_post_elements_order":"","neve_meta_disable_header":"","neve_meta_disable_footer":"","neve_meta_disable_title":"","footnotes":""},"class_list":["post-33","page","type-page","status-publish","has-post-thumbnail","hentry"],"yoast_head":"<!-- This site is optimized with the Yoast SEO plugin v22.2 - https:\/\/yoast.com\/wordpress\/plugins\/seo\/ -->\n<title>INFINITE Training - INFINITE<\/title>\n<meta name=\"description\" content=\"INFINITE Training intervient aupr\u00e8s d\u2019universit\u00e9s et d\u2019entreprises pour former sur les fondamentaux de la communication et du marketing BtoB.\" \/>\n<meta name=\"robots\" content=\"index, follow, max-snippet:-1, max-image-preview:large, max-video-preview:-1\" \/>\n<link rel=\"canonical\" href=\"https:\/\/infinite-conseil.com\/index.php\/infinite-training\/\" \/>\n<meta property=\"og:locale\" content=\"fr_FR\" \/>\n<meta property=\"og:type\" content=\"article\" \/>\n<meta property=\"og:title\" content=\"INFINITE Training - INFINITE\" \/>\n<meta property=\"og:description\" content=\"INFINITE Training intervient aupr\u00e8s d\u2019universit\u00e9s et d\u2019entreprises pour former sur les fondamentaux de la communication et du marketing BtoB.\" \/>\n<meta property=\"og:url\" content=\"https:\/\/infinite-conseil.com\/index.php\/infinite-training\/\" \/>\n<meta property=\"og:site_name\" content=\"INFINITE\" \/>\n<meta property=\"article:modified_time\" content=\"2023-02-19T14:04:56+00:00\" \/>\n<meta property=\"og:image\" content=\"https:\/\/infinite-conseil.com\/wp-content\/uploads\/2023\/02\/DG6894-Modifier-scaled.jpg\" \/>\n\t<meta property=\"og:image:width\" content=\"2560\" \/>\n\t<meta property=\"og:image:height\" content=\"1707\" \/>\n\t<meta property=\"og:image:type\" content=\"image\/jpeg\" \/>\n<meta name=\"twitter:card\" content=\"summary_large_image\" \/>\n<meta name=\"twitter:label1\" content=\"Dur\u00e9e de lecture estim\u00e9e\" \/>\n\t<meta name=\"twitter:data1\" content=\"2 minutes\" \/>\n<script type=\"application\/ld+json\" class=\"yoast-schema-graph\">{\"@context\":\"https:\/\/schema.org\",\"@graph\":[{\"@type\":\"WebPage\",\"@id\":\"https:\/\/infinite-conseil.com\/index.php\/infinite-training\/\",\"url\":\"https:\/\/infinite-conseil.com\/index.php\/infinite-training\/\",\"name\":\"INFINITE Training - INFINITE\",\"isPartOf\":{\"@id\":\"https:\/\/infinite-conseil.com\/#website\"},\"primaryImageOfPage\":{\"@id\":\"https:\/\/infinite-conseil.com\/index.php\/infinite-training\/#primaryimage\"},\"image\":{\"@id\":\"https:\/\/infinite-conseil.com\/index.php\/infinite-training\/#primaryimage\"},\"thumbnailUrl\":\"https:\/\/infinite-conseil.com\/wp-content\/uploads\/2023\/02\/DG6894-Modifier-scaled.jpg\",\"datePublished\":\"2022-12-23T12:44:18+00:00\",\"dateModified\":\"2023-02-19T14:04:56+00:00\",\"description\":\"INFINITE Training intervient aupr\u00e8s d\u2019universit\u00e9s et d\u2019entreprises pour former sur les fondamentaux de la communication et du marketing BtoB.\",\"breadcrumb\":{\"@id\":\"https:\/\/infinite-conseil.com\/index.php\/infinite-training\/#breadcrumb\"},\"inLanguage\":\"fr-FR\",\"potentialAction\":[{\"@type\":\"ReadAction\",\"target\":[\"https:\/\/infinite-conseil.com\/index.php\/infinite-training\/\"]}]},{\"@type\":\"ImageObject\",\"inLanguage\":\"fr-FR\",\"@id\":\"https:\/\/infinite-conseil.com\/index.php\/infinite-training\/#primaryimage\",\"url\":\"https:\/\/infinite-conseil.com\/wp-content\/uploads\/2023\/02\/DG6894-Modifier-scaled.jpg\",\"contentUrl\":\"https:\/\/infinite-conseil.com\/wp-content\/uploads\/2023\/02\/DG6894-Modifier-scaled.jpg\",\"width\":2560,\"height\":1707},{\"@type\":\"BreadcrumbList\",\"@id\":\"https:\/\/infinite-conseil.com\/index.php\/infinite-training\/#breadcrumb\",\"itemListElement\":[{\"@type\":\"ListItem\",\"position\":1,\"name\":\"Accueil\",\"item\":\"https:\/\/infinite-conseil.com\/\"},{\"@type\":\"ListItem\",\"position\":2,\"name\":\"INFINITE Training\"}]},{\"@type\":\"WebSite\",\"@id\":\"https:\/\/infinite-conseil.com\/#website\",\"url\":\"https:\/\/infinite-conseil.com\/\",\"name\":\"INFINITE\",\"description\":\"Progresser Ensemble Durablement\",\"publisher\":{\"@id\":\"https:\/\/infinite-conseil.com\/#organization\"},\"potentialAction\":[{\"@type\":\"SearchAction\",\"target\":{\"@type\":\"EntryPoint\",\"urlTemplate\":\"https:\/\/infinite-conseil.com\/?s={search_term_string}\"},\"query-input\":\"required name=search_term_string\"}],\"inLanguage\":\"fr-FR\"},{\"@type\":\"Organization\",\"@id\":\"https:\/\/infinite-conseil.com\/#organization\",\"name\":\"INFINITE\",\"url\":\"https:\/\/infinite-conseil.com\/\",\"logo\":{\"@type\":\"ImageObject\",\"inLanguage\":\"fr-FR\",\"@id\":\"https:\/\/infinite-conseil.com\/#\/schema\/logo\/image\/\",\"url\":\"https:\/\/infinite-conseil.com\/wp-content\/uploads\/2022\/12\/image001-Copie.png\",\"contentUrl\":\"https:\/\/infinite-conseil.com\/wp-content\/uploads\/2022\/12\/image001-Copie.png\",\"width\":349,\"height\":350,\"caption\":\"INFINITE\"},\"image\":{\"@id\":\"https:\/\/infinite-conseil.com\/#\/schema\/logo\/image\/\"},\"sameAs\":[\"https:\/\/www.linkedin.com\/company\/infinite-dg\/\"]}]}<\/script>\n<!-- \/ Yoast SEO plugin. -->","yoast_head_json":{"title":"INFINITE Training - INFINITE","description":"INFINITE Training intervient aupr\u00e8s d\u2019universit\u00e9s et d\u2019entreprises pour former sur les fondamentaux de la communication et du marketing BtoB.","robots":{"index":"index","follow":"follow","max-snippet":"max-snippet:-1","max-image-preview":"max-image-preview:large","max-video-preview":"max-video-preview:-1"},"canonical":"https:\/\/infinite-conseil.com\/index.php\/infinite-training\/","og_locale":"fr_FR","og_type":"article","og_title":"INFINITE Training - INFINITE","og_description":"INFINITE Training intervient aupr\u00e8s d\u2019universit\u00e9s et d\u2019entreprises pour former sur les fondamentaux de la communication et du marketing BtoB.","og_url":"https:\/\/infinite-conseil.com\/index.php\/infinite-training\/","og_site_name":"INFINITE","article_modified_time":"2023-02-19T14:04:56+00:00","og_image":[{"width":2560,"height":1707,"url":"https:\/\/infinite-conseil.com\/wp-content\/uploads\/2023\/02\/DG6894-Modifier-scaled.jpg","type":"image\/jpeg"}],"twitter_card":"summary_large_image","twitter_misc":{"Dur\u00e9e de lecture estim\u00e9e":"2 minutes"},"schema":{"@context":"https:\/\/schema.org","@graph":[{"@type":"WebPage","@id":"https:\/\/infinite-conseil.com\/index.php\/infinite-training\/","url":"https:\/\/infinite-conseil.com\/index.php\/infinite-training\/","name":"INFINITE Training - INFINITE","isPartOf":{"@id":"https:\/\/infinite-conseil.com\/#website"},"primaryImageOfPage":{"@id":"https:\/\/infinite-conseil.com\/index.php\/infinite-training\/#primaryimage"},"image":{"@id":"https:\/\/infinite-conseil.com\/index.php\/infinite-training\/#primaryimage"},"thumbnailUrl":"https:\/\/infinite-conseil.com\/wp-content\/uploads\/2023\/02\/DG6894-Modifier-scaled.jpg","datePublished":"2022-12-23T12:44:18+00:00","dateModified":"2023-02-19T14:04:56+00:00","description":"INFINITE Training intervient aupr\u00e8s d\u2019universit\u00e9s et d\u2019entreprises pour former sur les fondamentaux de la communication et du marketing BtoB.","breadcrumb":{"@id":"https:\/\/infinite-conseil.com\/index.php\/infinite-training\/#breadcrumb"},"inLanguage":"fr-FR","potentialAction":[{"@type":"ReadAction","target":["https:\/\/infinite-conseil.com\/index.php\/infinite-training\/"]}]},{"@type":"ImageObject","inLanguage":"fr-FR","@id":"https:\/\/infinite-conseil.com\/index.php\/infinite-training\/#primaryimage","url":"https:\/\/infinite-conseil.com\/wp-content\/uploads\/2023\/02\/DG6894-Modifier-scaled.jpg","contentUrl":"https:\/\/infinite-conseil.com\/wp-content\/uploads\/2023\/02\/DG6894-Modifier-scaled.jpg","width":2560,"height":1707},{"@type":"BreadcrumbList","@id":"https:\/\/infinite-conseil.com\/index.php\/infinite-training\/#breadcrumb","itemListElement":[{"@type":"ListItem","position":1,"name":"Accueil","item":"https:\/\/infinite-conseil.com\/"},{"@type":"ListItem","position":2,"name":"INFINITE Training"}]},{"@type":"WebSite","@id":"https:\/\/infinite-conseil.com\/#website","url":"https:\/\/infinite-conseil.com\/","name":"INFINITE","description":"Progresser Ensemble Durablement","publisher":{"@id":"https:\/\/infinite-conseil.com\/#organization"},"potentialAction":[{"@type":"SearchAction","target":{"@type":"EntryPoint","urlTemplate":"https:\/\/infinite-conseil.com\/?s={search_term_string}"},"query-input":"required name=search_term_string"}],"inLanguage":"fr-FR"},{"@type":"Organization","@id":"https:\/\/infinite-conseil.com\/#organization","name":"INFINITE","url":"https:\/\/infinite-conseil.com\/","logo":{"@type":"ImageObject","inLanguage":"fr-FR","@id":"https:\/\/infinite-conseil.com\/#\/schema\/logo\/image\/","url":"https:\/\/infinite-conseil.com\/wp-content\/uploads\/2022\/12\/image001-Copie.png","contentUrl":"https:\/\/infinite-conseil.com\/wp-content\/uploads\/2022\/12\/image001-Copie.png","width":349,"height":350,"caption":"INFINITE"},"image":{"@id":"https:\/\/infinite-conseil.com\/#\/schema\/logo\/image\/"},"sameAs":["https:\/\/www.linkedin.com\/company\/infinite-dg\/"]}]}},"_links":{"self":[{"href":"https:\/\/infinite-conseil.com\/index.php\/wp-json\/wp\/v2\/pages\/33","targetHints":{"allow":["GET"]}}],"collection":[{"href":"https:\/\/infinite-conseil.com\/index.php\/wp-json\/wp\/v2\/pages"}],"about":[{"href":"https:\/\/infinite-conseil.com\/index.php\/wp-json\/wp\/v2\/types\/page"}],"author":[{"embeddable":true,"href":"https:\/\/infinite-conseil.com\/index.php\/wp-json\/wp\/v2\/users\/2"}],"replies":[{"embeddable":true,"href":"https:\/\/infinite-conseil.com\/index.php\/wp-json\/wp\/v2\/comments?post=33"}],"version-history":[{"count":209,"href":"https:\/\/infinite-conseil.com\/index.php\/wp-json\/wp\/v2\/pages\/33\/revisions"}],"predecessor-version":[{"id":1997,"href":"https:\/\/infinite-conseil.com\/index.php\/wp-json\/wp\/v2\/pages\/33\/revisions\/1997"}],"wp:featuredmedia":[{"embeddable":true,"href":"https:\/\/infinite-conseil.com\/index.php\/wp-json\/wp\/v2\/media\/1888"}],"wp:attachment":[{"href":"https:\/\/infinite-conseil.com\/index.php\/wp-json\/wp\/v2\/media?parent=33"}],"curies":[{"name":"wp","href":"https:\/\/api.w.org\/{rel}","templated":true}]}}