{"id":104,"date":"2022-12-23T15:48:56","date_gmt":"2022-12-23T14:48:56","guid":{"rendered":"https:\/\/infinite-conseil.com\/?page_id=104"},"modified":"2023-11-24T20:55:45","modified_gmt":"2023-11-24T19:55:45","slug":"contact","status":"publish","type":"page","link":"https:\/\/infinite-conseil.com\/index.php\/contact\/","title":{"rendered":"Contact"},"content":{"rendered":"\t\t<div data-elementor-type=\"wp-page\" data-elementor-id=\"104\" class=\"elementor elementor-104\">\n\t\t\t\t\t\t<section class=\"elementor-section elementor-top-section elementor-element elementor-element-c3d3b68 elementor-section-boxed elementor-section-height-default elementor-section-height-default\" data-id=\"c3d3b68\" data-element_type=\"section\">\n\t\t\t\t\t\t<div class=\"elementor-container elementor-column-gap-default\">\n\t\t\t\t\t<div class=\"elementor-column elementor-col-100 elementor-top-column elementor-element elementor-element-eabb3f2\" data-id=\"eabb3f2\" data-element_type=\"column\">\n\t\t\t<div class=\"elementor-widget-wrap elementor-element-populated\">\n\t\t\t\t\t\t<div class=\"elementor-element elementor-element-982fbfa elementor-widget elementor-widget-heading\" data-id=\"982fbfa\" data-element_type=\"widget\" data-widget_type=\"heading.default\">\n\t\t\t\t<div class=\"elementor-widget-container\">\n\t\t\t<style>\/*! elementor - v3.20.0 - 11-03-2024 *\/\n.elementor-heading-title{padding:0;margin:0;line-height:1}.elementor-widget-heading .elementor-heading-title[class*=elementor-size-]>a{color:inherit;font-size:inherit;line-height:inherit}.elementor-widget-heading .elementor-heading-title.elementor-size-small{font-size:15px}.elementor-widget-heading .elementor-heading-title.elementor-size-medium{font-size:19px}.elementor-widget-heading .elementor-heading-title.elementor-size-large{font-size:29px}.elementor-widget-heading .elementor-heading-title.elementor-size-xl{font-size:39px}.elementor-widget-heading .elementor-heading-title.elementor-size-xxl{font-size:59px}<\/style><h2 class=\"elementor-heading-title elementor-size-default\">Vous pouvez nous contacter par...<\/h2>\t\t<\/div>\n\t\t\t\t<\/div>\n\t\t\t\t<section class=\"elementor-section elementor-inner-section elementor-element elementor-element-fbd8a42 elementor-section-boxed elementor-section-height-default elementor-section-height-default\" data-id=\"fbd8a42\" data-element_type=\"section\">\n\t\t\t\t\t\t<div class=\"elementor-container elementor-column-gap-default\">\n\t\t\t\t\t<div class=\"elementor-column elementor-col-50 elementor-inner-column elementor-element elementor-element-74ba0cb\" data-id=\"74ba0cb\" data-element_type=\"column\" data-settings=\"{&quot;background_background&quot;:&quot;classic&quot;}\">\n\t\t\t<div class=\"elementor-widget-wrap elementor-element-populated\">\n\t\t\t\t\t\t<div class=\"elementor-element elementor-element-6675962 elementor-view-framed elementor-shape-circle elementor-position-top elementor-mobile-position-top elementor-widget elementor-widget-icon-box\" data-id=\"6675962\" data-element_type=\"widget\" data-widget_type=\"icon-box.default\">\n\t\t\t\t<div class=\"elementor-widget-container\">\n\t\t\t<link rel=\"stylesheet\" href=\"https:\/\/infinite-conseil.com\/wp-content\/plugins\/elementor\/assets\/css\/widget-icon-box.min.css\">\t\t<div class=\"elementor-icon-box-wrapper\">\n\t\t\t\t\t\t<div class=\"elementor-icon-box-icon\">\n\t\t\t\t<a href=\"tel:06%2064%2009%2018%2009\" target=\"_blank\" class=\"elementor-icon elementor-animation-\" tabindex=\"-1\">\n\t\t\t\t<i aria-hidden=\"true\" class=\"fas fa-phone-alt\"><\/i>\t\t\t\t<\/a>\n\t\t\t<\/div>\n\t\t\t\t\t\t<div class=\"elementor-icon-box-content\">\n\t\t\t\t<h3 class=\"elementor-icon-box-title\">\n\t\t\t\t\t<a href=\"tel:06%2064%2009%2018%2009\" target=\"_blank\" >\n\t\t\t\t\t\t06 64 09 18 09\t\t\t\t\t<\/a>\n\t\t\t\t<\/h3>\n\t\t\t\t\t\t\t<\/div>\n\t\t<\/div>\n\t\t\t\t<\/div>\n\t\t\t\t<\/div>\n\t\t\t\t\t<\/div>\n\t\t<\/div>\n\t\t\t\t<div class=\"elementor-column elementor-col-50 elementor-inner-column elementor-element elementor-element-3798d15\" data-id=\"3798d15\" data-element_type=\"column\" data-settings=\"{&quot;background_background&quot;:&quot;classic&quot;}\">\n\t\t\t<div class=\"elementor-widget-wrap elementor-element-populated\">\n\t\t\t\t\t\t<div class=\"elementor-element elementor-element-78d074e elementor-view-framed elementor-shape-circle elementor-position-top elementor-mobile-position-top elementor-widget elementor-widget-icon-box\" data-id=\"78d074e\" data-element_type=\"widget\" data-widget_type=\"icon-box.default\">\n\t\t\t\t<div class=\"elementor-widget-container\">\n\t\t\t\t\t<div class=\"elementor-icon-box-wrapper\">\n\t\t\t\t\t\t<div class=\"elementor-icon-box-icon\">\n\t\t\t\t<a href=\"https:\/\/www.linkedin.com\/company\/infinite-dg\/\" target=\"_blank\" class=\"elementor-icon elementor-animation-\" tabindex=\"-1\">\n\t\t\t\t<i aria-hidden=\"true\" class=\"fab fa-linkedin-in\"><\/i>\t\t\t\t<\/a>\n\t\t\t<\/div>\n\t\t\t\t\t\t<div class=\"elementor-icon-box-content\">\n\t\t\t\t<h3 class=\"elementor-icon-box-title\">\n\t\t\t\t\t<a href=\"https:\/\/www.linkedin.com\/company\/infinite-dg\/\" target=\"_blank\" >\n\t\t\t\t\t\tLien LinkedIn\t\t\t\t\t<\/a>\n\t\t\t\t<\/h3>\n\t\t\t\t\t\t\t<\/div>\n\t\t<\/div>\n\t\t\t\t<\/div>\n\t\t\t\t<\/div>\n\t\t\t\t\t<\/div>\n\t\t<\/div>\n\t\t\t\t\t<\/div>\n\t\t<\/section>\n\t\t\t\t<section class=\"elementor-section elementor-inner-section elementor-element elementor-element-3cc4a8a elementor-section-boxed elementor-section-height-default elementor-section-height-default\" data-id=\"3cc4a8a\" data-element_type=\"section\">\n\t\t\t\t\t\t<div class=\"elementor-container elementor-column-gap-default\">\n\t\t\t\t\t<div class=\"elementor-column elementor-col-33 elementor-inner-column elementor-element elementor-element-ce4b499\" data-id=\"ce4b499\" data-element_type=\"column\">\n\t\t\t<div class=\"elementor-widget-wrap\">\n\t\t\t\t\t\t\t<\/div>\n\t\t<\/div>\n\t\t\t\t<div class=\"elementor-column elementor-col-33 elementor-inner-column elementor-element elementor-element-3ca700d\" data-id=\"3ca700d\" data-element_type=\"column\" data-settings=\"{&quot;background_background&quot;:&quot;classic&quot;}\">\n\t\t\t<div class=\"elementor-widget-wrap elementor-element-populated\">\n\t\t\t\t\t\t<div class=\"elementor-element elementor-element-b187e16 elementor-view-framed elementor-shape-circle elementor-position-top elementor-mobile-position-top elementor-widget elementor-widget-icon-box\" data-id=\"b187e16\" data-element_type=\"widget\" data-widget_type=\"icon-box.default\">\n\t\t\t\t<div class=\"elementor-widget-container\">\n\t\t\t\t\t<div class=\"elementor-icon-box-wrapper\">\n\t\t\t\t\t\t<div class=\"elementor-icon-box-icon\">\n\t\t\t\t<a href=\"mailto:d.georget@infinite-conseil.com%20\" target=\"_blank\" class=\"elementor-icon elementor-animation-\" tabindex=\"-1\">\n\t\t\t\t<i aria-hidden=\"true\" class=\"fas fa-envelope\"><\/i>\t\t\t\t<\/a>\n\t\t\t<\/div>\n\t\t\t\t\t\t<div class=\"elementor-icon-box-content\">\n\t\t\t\t<h3 class=\"elementor-icon-box-title\">\n\t\t\t\t\t<a href=\"mailto:d.georget@infinite-conseil.com%20\" target=\"_blank\" >\n\t\t\t\t\t\td.georget@infinite-conseil.com \t\t\t\t\t<\/a>\n\t\t\t\t<\/h3>\n\t\t\t\t\t\t\t<\/div>\n\t\t<\/div>\n\t\t\t\t<\/div>\n\t\t\t\t<\/div>\n\t\t\t\t\t<\/div>\n\t\t<\/div>\n\t\t\t\t<div class=\"elementor-column elementor-col-33 elementor-inner-column elementor-element elementor-element-8c1fe81\" data-id=\"8c1fe81\" data-element_type=\"column\">\n\t\t\t<div class=\"elementor-widget-wrap\">\n\t\t\t\t\t\t\t<\/div>\n\t\t<\/div>\n\t\t\t\t\t<\/div>\n\t\t<\/section>\n\t\t\t\t\t<\/div>\n\t\t<\/div>\n\t\t\t\t\t<\/div>\n\t\t<\/section>\n\t\t\t\t<\/div>\n\t\t","protected":false},"excerpt":{"rendered":"<p>Vous pouvez nous contacter par&#8230; 06 64 09 18 09 Lien LinkedIn d.georget@infinite-conseil.com<\/p>\n","protected":false},"author":2,"featured_media":916,"parent":0,"menu_order":0,"comment_status":"closed","ping_status":"closed","template":"page-templates\/template-pagebuilder-full-width.php","meta":{"_monsterinsights_skip_tracking":false,"_monsterinsights_sitenote_active":false,"_monsterinsights_sitenote_note":"","_monsterinsights_sitenote_category":0,"neve_meta_sidebar":"","neve_meta_container":"","neve_meta_enable_content_width":"","neve_meta_content_width":0,"neve_meta_title_alignment":"","neve_meta_author_avatar":"","neve_post_elements_order":"","neve_meta_disable_header":"","neve_meta_disable_footer":"","neve_meta_disable_title":"","footnotes":""},"class_list":["post-104","page","type-page","status-publish","has-post-thumbnail","hentry"],"yoast_head":"<!-- This site is optimized with the Yoast SEO plugin v22.2 - https:\/\/yoast.com\/wordpress\/plugins\/seo\/ -->\n<title>Contact - INFINITE<\/title>\n<meta name=\"description\" content=\"Prenez contact avec nous d\u00e8s maintenant afin de vous faire conseiller l\u00e0 o\u00f9 vous en avez le plus besoin ! Remplissez le formulaire.\" \/>\n<meta name=\"robots\" content=\"index, follow, max-snippet:-1, max-image-preview:large, max-video-preview:-1\" \/>\n<link rel=\"canonical\" href=\"https:\/\/infinite-conseil.com\/index.php\/contact\/\" \/>\n<meta property=\"og:locale\" content=\"fr_FR\" \/>\n<meta property=\"og:type\" content=\"article\" \/>\n<meta property=\"og:title\" content=\"Contact - INFINITE\" \/>\n<meta property=\"og:description\" content=\"Prenez contact avec nous d\u00e8s maintenant afin de vous faire conseiller l\u00e0 o\u00f9 vous en avez le plus besoin ! Remplissez le formulaire.\" \/>\n<meta property=\"og:url\" content=\"https:\/\/infinite-conseil.com\/index.php\/contact\/\" \/>\n<meta property=\"og:site_name\" content=\"INFINITE\" \/>\n<meta property=\"article:modified_time\" content=\"2023-11-24T19:55:45+00:00\" \/>\n<meta property=\"og:image\" content=\"https:\/\/infinite-conseil.com\/wp-content\/uploads\/2022\/12\/pexels-pixabay-207456-scaled.jpg\" \/>\n\t<meta property=\"og:image:width\" content=\"2560\" \/>\n\t<meta property=\"og:image:height\" content=\"1151\" \/>\n\t<meta property=\"og:image:type\" content=\"image\/jpeg\" \/>\n<meta name=\"twitter:card\" content=\"summary_large_image\" \/>\n<meta name=\"twitter:label1\" content=\"Dur\u00e9e de lecture estim\u00e9e\" \/>\n\t<meta name=\"twitter:data1\" content=\"1 minute\" \/>\n<script type=\"application\/ld+json\" class=\"yoast-schema-graph\">{\"@context\":\"https:\/\/schema.org\",\"@graph\":[{\"@type\":\"WebPage\",\"@id\":\"https:\/\/infinite-conseil.com\/index.php\/contact\/\",\"url\":\"https:\/\/infinite-conseil.com\/index.php\/contact\/\",\"name\":\"Contact - INFINITE\",\"isPartOf\":{\"@id\":\"https:\/\/infinite-conseil.com\/#website\"},\"primaryImageOfPage\":{\"@id\":\"https:\/\/infinite-conseil.com\/index.php\/contact\/#primaryimage\"},\"image\":{\"@id\":\"https:\/\/infinite-conseil.com\/index.php\/contact\/#primaryimage\"},\"thumbnailUrl\":\"https:\/\/infinite-conseil.com\/wp-content\/uploads\/2022\/12\/pexels-pixabay-207456-scaled.jpg\",\"datePublished\":\"2022-12-23T14:48:56+00:00\",\"dateModified\":\"2023-11-24T19:55:45+00:00\",\"description\":\"Prenez contact avec nous d\u00e8s maintenant afin de vous faire conseiller l\u00e0 o\u00f9 vous en avez le plus besoin ! Remplissez le formulaire.\",\"breadcrumb\":{\"@id\":\"https:\/\/infinite-conseil.com\/index.php\/contact\/#breadcrumb\"},\"inLanguage\":\"fr-FR\",\"potentialAction\":[{\"@type\":\"ReadAction\",\"target\":[\"https:\/\/infinite-conseil.com\/index.php\/contact\/\"]}]},{\"@type\":\"ImageObject\",\"inLanguage\":\"fr-FR\",\"@id\":\"https:\/\/infinite-conseil.com\/index.php\/contact\/#primaryimage\",\"url\":\"https:\/\/infinite-conseil.com\/wp-content\/uploads\/2022\/12\/pexels-pixabay-207456-scaled.jpg\",\"contentUrl\":\"https:\/\/infinite-conseil.com\/wp-content\/uploads\/2022\/12\/pexels-pixabay-207456-scaled.jpg\",\"width\":2560,\"height\":1151,\"caption\":\"Contact\"},{\"@type\":\"BreadcrumbList\",\"@id\":\"https:\/\/infinite-conseil.com\/index.php\/contact\/#breadcrumb\",\"itemListElement\":[{\"@type\":\"ListItem\",\"position\":1,\"name\":\"Accueil\",\"item\":\"https:\/\/infinite-conseil.com\/\"},{\"@type\":\"ListItem\",\"position\":2,\"name\":\"Contact\"}]},{\"@type\":\"WebSite\",\"@id\":\"https:\/\/infinite-conseil.com\/#website\",\"url\":\"https:\/\/infinite-conseil.com\/\",\"name\":\"INFINITE\",\"description\":\"Progresser Ensemble Durablement\",\"publisher\":{\"@id\":\"https:\/\/infinite-conseil.com\/#organization\"},\"potentialAction\":[{\"@type\":\"SearchAction\",\"target\":{\"@type\":\"EntryPoint\",\"urlTemplate\":\"https:\/\/infinite-conseil.com\/?s={search_term_string}\"},\"query-input\":\"required name=search_term_string\"}],\"inLanguage\":\"fr-FR\"},{\"@type\":\"Organization\",\"@id\":\"https:\/\/infinite-conseil.com\/#organization\",\"name\":\"INFINITE\",\"url\":\"https:\/\/infinite-conseil.com\/\",\"logo\":{\"@type\":\"ImageObject\",\"inLanguage\":\"fr-FR\",\"@id\":\"https:\/\/infinite-conseil.com\/#\/schema\/logo\/image\/\",\"url\":\"https:\/\/infinite-conseil.com\/wp-content\/uploads\/2022\/12\/image001-Copie.png\",\"contentUrl\":\"https:\/\/infinite-conseil.com\/wp-content\/uploads\/2022\/12\/image001-Copie.png\",\"width\":349,\"height\":350,\"caption\":\"INFINITE\"},\"image\":{\"@id\":\"https:\/\/infinite-conseil.com\/#\/schema\/logo\/image\/\"},\"sameAs\":[\"https:\/\/www.linkedin.com\/company\/infinite-dg\/\"]}]}<\/script>\n<!-- \/ Yoast SEO plugin. -->","yoast_head_json":{"title":"Contact - INFINITE","description":"Prenez contact avec nous d\u00e8s maintenant afin de vous faire conseiller l\u00e0 o\u00f9 vous en avez le plus besoin ! Remplissez le formulaire.","robots":{"index":"index","follow":"follow","max-snippet":"max-snippet:-1","max-image-preview":"max-image-preview:large","max-video-preview":"max-video-preview:-1"},"canonical":"https:\/\/infinite-conseil.com\/index.php\/contact\/","og_locale":"fr_FR","og_type":"article","og_title":"Contact - INFINITE","og_description":"Prenez contact avec nous d\u00e8s maintenant afin de vous faire conseiller l\u00e0 o\u00f9 vous en avez le plus besoin ! Remplissez le formulaire.","og_url":"https:\/\/infinite-conseil.com\/index.php\/contact\/","og_site_name":"INFINITE","article_modified_time":"2023-11-24T19:55:45+00:00","og_image":[{"width":2560,"height":1151,"url":"https:\/\/infinite-conseil.com\/wp-content\/uploads\/2022\/12\/pexels-pixabay-207456-scaled.jpg","type":"image\/jpeg"}],"twitter_card":"summary_large_image","twitter_misc":{"Dur\u00e9e de lecture estim\u00e9e":"1 minute"},"schema":{"@context":"https:\/\/schema.org","@graph":[{"@type":"WebPage","@id":"https:\/\/infinite-conseil.com\/index.php\/contact\/","url":"https:\/\/infinite-conseil.com\/index.php\/contact\/","name":"Contact - INFINITE","isPartOf":{"@id":"https:\/\/infinite-conseil.com\/#website"},"primaryImageOfPage":{"@id":"https:\/\/infinite-conseil.com\/index.php\/contact\/#primaryimage"},"image":{"@id":"https:\/\/infinite-conseil.com\/index.php\/contact\/#primaryimage"},"thumbnailUrl":"https:\/\/infinite-conseil.com\/wp-content\/uploads\/2022\/12\/pexels-pixabay-207456-scaled.jpg","datePublished":"2022-12-23T14:48:56+00:00","dateModified":"2023-11-24T19:55:45+00:00","description":"Prenez contact avec nous d\u00e8s maintenant afin de vous faire conseiller l\u00e0 o\u00f9 vous en avez le plus besoin ! Remplissez le formulaire.","breadcrumb":{"@id":"https:\/\/infinite-conseil.com\/index.php\/contact\/#breadcrumb"},"inLanguage":"fr-FR","potentialAction":[{"@type":"ReadAction","target":["https:\/\/infinite-conseil.com\/index.php\/contact\/"]}]},{"@type":"ImageObject","inLanguage":"fr-FR","@id":"https:\/\/infinite-conseil.com\/index.php\/contact\/#primaryimage","url":"https:\/\/infinite-conseil.com\/wp-content\/uploads\/2022\/12\/pexels-pixabay-207456-scaled.jpg","contentUrl":"https:\/\/infinite-conseil.com\/wp-content\/uploads\/2022\/12\/pexels-pixabay-207456-scaled.jpg","width":2560,"height":1151,"caption":"Contact"},{"@type":"BreadcrumbList","@id":"https:\/\/infinite-conseil.com\/index.php\/contact\/#breadcrumb","itemListElement":[{"@type":"ListItem","position":1,"name":"Accueil","item":"https:\/\/infinite-conseil.com\/"},{"@type":"ListItem","position":2,"name":"Contact"}]},{"@type":"WebSite","@id":"https:\/\/infinite-conseil.com\/#website","url":"https:\/\/infinite-conseil.com\/","name":"INFINITE","description":"Progresser Ensemble Durablement","publisher":{"@id":"https:\/\/infinite-conseil.com\/#organization"},"potentialAction":[{"@type":"SearchAction","target":{"@type":"EntryPoint","urlTemplate":"https:\/\/infinite-conseil.com\/?s={search_term_string}"},"query-input":"required name=search_term_string"}],"inLanguage":"fr-FR"},{"@type":"Organization","@id":"https:\/\/infinite-conseil.com\/#organization","name":"INFINITE","url":"https:\/\/infinite-conseil.com\/","logo":{"@type":"ImageObject","inLanguage":"fr-FR","@id":"https:\/\/infinite-conseil.com\/#\/schema\/logo\/image\/","url":"https:\/\/infinite-conseil.com\/wp-content\/uploads\/2022\/12\/image001-Copie.png","contentUrl":"https:\/\/infinite-conseil.com\/wp-content\/uploads\/2022\/12\/image001-Copie.png","width":349,"height":350,"caption":"INFINITE"},"image":{"@id":"https:\/\/infinite-conseil.com\/#\/schema\/logo\/image\/"},"sameAs":["https:\/\/www.linkedin.com\/company\/infinite-dg\/"]}]}},"_links":{"self":[{"href":"https:\/\/infinite-conseil.com\/index.php\/wp-json\/wp\/v2\/pages\/104","targetHints":{"allow":["GET"]}}],"collection":[{"href":"https:\/\/infinite-conseil.com\/index.php\/wp-json\/wp\/v2\/pages"}],"about":[{"href":"https:\/\/infinite-conseil.com\/index.php\/wp-json\/wp\/v2\/types\/page"}],"author":[{"embeddable":true,"href":"https:\/\/infinite-conseil.com\/index.php\/wp-json\/wp\/v2\/users\/2"}],"replies":[{"embeddable":true,"href":"https:\/\/infinite-conseil.com\/index.php\/wp-json\/wp\/v2\/comments?post=104"}],"version-history":[{"count":113,"href":"https:\/\/infinite-conseil.com\/index.php\/wp-json\/wp\/v2\/pages\/104\/revisions"}],"predecessor-version":[{"id":2030,"href":"https:\/\/infinite-conseil.com\/index.php\/wp-json\/wp\/v2\/pages\/104\/revisions\/2030"}],"wp:featuredmedia":[{"embeddable":true,"href":"https:\/\/infinite-conseil.com\/index.php\/wp-json\/wp\/v2\/media\/916"}],"wp:attachment":[{"href":"https:\/\/infinite-conseil.com\/index.php\/wp-json\/wp\/v2\/media?parent=104"}],"curies":[{"name":"wp","href":"https:\/\/api.w.org\/{rel}","templated":true}]}}